{"id":194,"date":"2025-03-26T13:30:11","date_gmt":"2025-03-26T13:30:11","guid":{"rendered":"https:\/\/rtechparts.com.br\/?page_id=194"},"modified":"2025-03-26T19:55:06","modified_gmt":"2025-03-26T19:55:06","slug":"produtos","status":"publish","type":"page","link":"https:\/\/rtechparts.com.br\/?page_id=194","title":{"rendered":"Produtos"},"content":{"rendered":"\t\t<div data-elementor-type=\"wp-page\" data-elementor-id=\"194\" class=\"elementor elementor-194\" data-elementor-post-type=\"page\">\n\t\t\t\t<div class=\"elementor-element elementor-element-1db00088 e-flex e-con-boxed e-con e-parent\" data-id=\"1db00088\" data-element_type=\"container\" data-settings=\"{&quot;background_background&quot;:&quot;classic&quot;}\">\n\t\t\t\t\t<div class=\"e-con-inner\">\n\t\t<div class=\"elementor-element elementor-element-2adfee5d e-con-full e-flex e-con e-child\" data-id=\"2adfee5d\" data-element_type=\"container\" data-settings=\"{&quot;background_background&quot;:&quot;classic&quot;}\">\n\t\t\t\t<div class=\"elementor-element elementor-element-388178ea elementor-widget elementor-widget-heading\" data-id=\"388178ea\" data-element_type=\"widget\" data-widget_type=\"heading.default\">\n\t\t\t\t<div class=\"elementor-widget-container\">\n\t\t\t\t\t<h1 class=\"elementor-heading-title elementor-size-default\">Produtos R-Tech<\/h1>\t\t\t\t<\/div>\n\t\t\t\t<\/div>\n\t\t\t\t<div class=\"elementor-element elementor-element-68f96bd2 elementor-widget elementor-widget-text-editor\" data-id=\"68f96bd2\" data-element_type=\"widget\" data-widget_type=\"text-editor.default\">\n\t\t\t\t<div class=\"elementor-widget-container\">\n\t\t\t\t\t\t\t\t\t<p>Trabalhamos com produtos que proporcionam <strong data-start=\"239\" data-end=\"291\">maior durabilidade, efici\u00eancia e compatibilidade<\/strong> com diversos modelos, ajudando a manter seu carro sempre em perfeitas condi\u00e7\u00f5es. Seja para melhorar a <strong data-start=\"394\" data-end=\"459\">ilumina\u00e7\u00e3o, a refrigera\u00e7\u00e3o do motor ou a apar\u00eancia do ve\u00edculo<\/strong>, voc\u00ea encontra na R-Tech as melhores op\u00e7\u00f5es<\/p>\t\t\t\t\t\t\t\t<\/div>\n\t\t\t\t<\/div>\n\t\t\t\t<div class=\"elementor-element elementor-element-09aef06 elementor-grid-3 elementor-grid-tablet-3 elementor-grid-mobile-2 elementor-products-grid elementor-wc-products elementor-widget elementor-widget-wc-categories\" data-id=\"09aef06\" data-element_type=\"widget\" data-widget_type=\"wc-categories.default\">\n\t\t\t\t<div class=\"elementor-widget-container\">\n\t\t\t\t\t<div class=\"woocommerce columns-3\"><ul class=\"products elementor-grid columns-3\">\n<li class=\"product-category product first\">\n\t<a aria-label=\"Visit product category Farol\" href=\"https:\/\/rtechparts.com.br\/?product_cat=farois\"><img fetchpriority=\"high\" decoding=\"async\" src=\"https:\/\/rtechparts.com.br\/wp-content\/uploads\/2025\/03\/headlights-hood-black-luxury-car-300x300.jpg\" alt=\"Farol\" width=\"300\" height=\"300\" srcset=\"https:\/\/rtechparts.com.br\/wp-content\/uploads\/2025\/03\/headlights-hood-black-luxury-car-300x300.jpg 300w, https:\/\/rtechparts.com.br\/wp-content\/uploads\/2025\/03\/headlights-hood-black-luxury-car-150x150.jpg 150w, https:\/\/rtechparts.com.br\/wp-content\/uploads\/2025\/03\/headlights-hood-black-luxury-car-100x100.jpg 100w\" sizes=\"(max-width: 300px) 100vw, 300px\" \/>\t\t<h2 class=\"woocommerce-loop-category__title\">\n\t\t\tFarol <mark class=\"count\">(73)<\/mark>\t\t<\/h2>\n\t\t<\/a><\/li>\n<li class=\"product-category product\">\n\t<a aria-label=\"Visit product category Lanternas\" href=\"https:\/\/rtechparts.com.br\/?product_cat=lanternas\"><img decoding=\"async\" src=\"https:\/\/rtechparts.com.br\/wp-content\/uploads\/2025\/03\/car-headlight-buildings-reflecting-headlight-car-300x300.jpg\" alt=\"Lanternas\" width=\"300\" height=\"300\" srcset=\"https:\/\/rtechparts.com.br\/wp-content\/uploads\/2025\/03\/car-headlight-buildings-reflecting-headlight-car-300x300.jpg 300w, https:\/\/rtechparts.com.br\/wp-content\/uploads\/2025\/03\/car-headlight-buildings-reflecting-headlight-car-150x150.jpg 150w, https:\/\/rtechparts.com.br\/wp-content\/uploads\/2025\/03\/car-headlight-buildings-reflecting-headlight-car-100x100.jpg 100w\" sizes=\"(max-width: 300px) 100vw, 300px\" \/>\t\t<h2 class=\"woocommerce-loop-category__title\">\n\t\t\tLanternas <mark class=\"count\">(45)<\/mark>\t\t<\/h2>\n\t\t<\/a><\/li>\n<li class=\"product-category product last\">\n\t<a aria-label=\"Visit product category Radiadores\" href=\"https:\/\/rtechparts.com.br\/?product_cat=radiadores\"><img decoding=\"async\" src=\"https:\/\/rtechparts.com.br\/wp-content\/uploads\/2025\/03\/full-frame-of-car-metal-grating-as-background-2024-11-17-09-09-14-utc-300x300.jpg\" alt=\"Radiadores\" width=\"300\" height=\"300\" srcset=\"https:\/\/rtechparts.com.br\/wp-content\/uploads\/2025\/03\/full-frame-of-car-metal-grating-as-background-2024-11-17-09-09-14-utc-300x300.jpg 300w, https:\/\/rtechparts.com.br\/wp-content\/uploads\/2025\/03\/full-frame-of-car-metal-grating-as-background-2024-11-17-09-09-14-utc-150x150.jpg 150w, https:\/\/rtechparts.com.br\/wp-content\/uploads\/2025\/03\/full-frame-of-car-metal-grating-as-background-2024-11-17-09-09-14-utc-100x100.jpg 100w\" sizes=\"(max-width: 300px) 100vw, 300px\" \/>\t\t<h2 class=\"woocommerce-loop-category__title\">\n\t\t\tRadiadores <mark class=\"count\">(77)<\/mark>\t\t<\/h2>\n\t\t<\/a><\/li>\n<\/ul>\n<\/div>\t\t\t\t<\/div>\n\t\t\t\t<\/div>\n\t\t\t\t<\/div>\n\t\t<div class=\"elementor-element elementor-element-2c231244 e-con-full e-flex elementor-invisible e-con e-child\" data-id=\"2c231244\" data-element_type=\"container\" data-settings=\"{&quot;background_background&quot;:&quot;classic&quot;,&quot;background_motion_fx_motion_fx_scrolling&quot;:&quot;yes&quot;,&quot;background_motion_fx_scale_effect&quot;:&quot;yes&quot;,&quot;background_motion_fx_scale_direction&quot;:&quot;in-out&quot;,&quot;background_motion_fx_scale_speed&quot;:{&quot;unit&quot;:&quot;px&quot;,&quot;size&quot;:-1,&quot;sizes&quot;:[]},&quot;animation&quot;:&quot;rotateInUpLeft&quot;,&quot;background_motion_fx_scale_range&quot;:{&quot;unit&quot;:&quot;%&quot;,&quot;size&quot;:&quot;&quot;,&quot;sizes&quot;:{&quot;start&quot;:20,&quot;end&quot;:80}},&quot;background_motion_fx_devices&quot;:[&quot;desktop&quot;,&quot;tablet&quot;,&quot;mobile&quot;]}\">\n\t\t\t\t<div class=\"elementor-element elementor-element-65d1d17e premium-floating-effects-yes elementor-widget__width-initial elementor-widget elementor-widget-image\" data-id=\"65d1d17e\" data-element_type=\"widget\" data-settings=\"{&quot;premium_fe_scale_switcher&quot;:&quot;yes&quot;,&quot;premium_fe_Xscale&quot;:{&quot;unit&quot;:&quot;px&quot;,&quot;size&quot;:&quot;&quot;,&quot;sizes&quot;:{&quot;from&quot;:1,&quot;to&quot;:1.100000000000000088817841970012523233890533447265625}},&quot;premium_fe_Yscale&quot;:{&quot;unit&quot;:&quot;px&quot;,&quot;size&quot;:&quot;&quot;,&quot;sizes&quot;:{&quot;from&quot;:1,&quot;to&quot;:1.100000000000000088817841970012523233890533447265625}},&quot;premium_fe_scale_duration&quot;:{&quot;unit&quot;:&quot;px&quot;,&quot;size&quot;:3000,&quot;sizes&quot;:[]},&quot;premium_fe_scale_delay&quot;:{&quot;unit&quot;:&quot;px&quot;,&quot;size&quot;:100,&quot;sizes&quot;:[]},&quot;premium_fe_Xscale_tablet&quot;:{&quot;unit&quot;:&quot;px&quot;,&quot;size&quot;:&quot;&quot;,&quot;sizes&quot;:[]},&quot;premium_fe_Xscale_mobile&quot;:{&quot;unit&quot;:&quot;px&quot;,&quot;size&quot;:&quot;&quot;,&quot;sizes&quot;:[]},&quot;premium_fe_Yscale_tablet&quot;:{&quot;unit&quot;:&quot;px&quot;,&quot;size&quot;:&quot;&quot;,&quot;sizes&quot;:[]},&quot;premium_fe_Yscale_mobile&quot;:{&quot;unit&quot;:&quot;px&quot;,&quot;size&quot;:&quot;&quot;,&quot;sizes&quot;:[]},&quot;premium_fe_direction&quot;:&quot;alternate&quot;,&quot;premium_fe_loop&quot;:&quot;default&quot;,&quot;premium_fe_easing&quot;:&quot;easeInOutSine&quot;}\" data-widget_type=\"image.default\">\n\t\t\t\t<div class=\"elementor-widget-container\">\n\t\t\t\t\t\t\t\t\t\t\t\t\t\t\t<img loading=\"lazy\" decoding=\"async\" width=\"800\" height=\"785\" src=\"https:\/\/rtechparts.com.br\/wp-content\/uploads\/2025\/03\/pngegg-e1723553915387-1-1-e1723555621235-1-1024x1005.png\" class=\"attachment-large size-large wp-image-243\" alt=\"\" srcset=\"https:\/\/rtechparts.com.br\/wp-content\/uploads\/2025\/03\/pngegg-e1723553915387-1-1-e1723555621235-1-1024x1005.png 1024w, https:\/\/rtechparts.com.br\/wp-content\/uploads\/2025\/03\/pngegg-e1723553915387-1-1-e1723555621235-1-300x295.png 300w, https:\/\/rtechparts.com.br\/wp-content\/uploads\/2025\/03\/pngegg-e1723553915387-1-1-e1723555621235-1-768x754.png 768w, https:\/\/rtechparts.com.br\/wp-content\/uploads\/2025\/03\/pngegg-e1723553915387-1-1-e1723555621235-1-600x589.png 600w, https:\/\/rtechparts.com.br\/wp-content\/uploads\/2025\/03\/pngegg-e1723553915387-1-1-e1723555621235-1.png 1200w\" sizes=\"(max-width: 800px) 100vw, 800px\" \/>\t\t\t\t\t\t\t\t\t\t\t\t\t\t\t<\/div>\n\t\t\t\t<\/div>\n\t\t\t\t<\/div>\n\t\t\t\t\t<\/div>\n\t\t\t\t<\/div>\n\t\t\t\t<\/div>\n\t\t","protected":false},"excerpt":{"rendered":"<p>Produtos R-Tech Trabalhamos com produtos que proporcionam maior durabilidade, efici\u00eancia e compatibilidade com diversos modelos, ajudando a manter seu carro sempre em perfeitas condi\u00e7\u00f5es. Seja para melhorar a ilumina\u00e7\u00e3o, a refrigera\u00e7\u00e3o do motor ou a apar\u00eancia do ve\u00edculo, voc\u00ea encontra na R-Tech as melhores op\u00e7\u00f5es<\/p>\n","protected":false},"author":1,"featured_media":0,"parent":0,"menu_order":0,"comment_status":"closed","ping_status":"closed","template":"","meta":{"footnotes":""},"class_list":["post-194","page","type-page","status-publish","hentry"],"_links":{"self":[{"href":"https:\/\/rtechparts.com.br\/index.php?rest_route=\/wp\/v2\/pages\/194","targetHints":{"allow":["GET"]}}],"collection":[{"href":"https:\/\/rtechparts.com.br\/index.php?rest_route=\/wp\/v2\/pages"}],"about":[{"href":"https:\/\/rtechparts.com.br\/index.php?rest_route=\/wp\/v2\/types\/page"}],"author":[{"embeddable":true,"href":"https:\/\/rtechparts.com.br\/index.php?rest_route=\/wp\/v2\/users\/1"}],"replies":[{"embeddable":true,"href":"https:\/\/rtechparts.com.br\/index.php?rest_route=%2Fwp%2Fv2%2Fcomments&post=194"}],"version-history":[{"count":67,"href":"https:\/\/rtechparts.com.br\/index.php?rest_route=\/wp\/v2\/pages\/194\/revisions"}],"predecessor-version":[{"id":352,"href":"https:\/\/rtechparts.com.br\/index.php?rest_route=\/wp\/v2\/pages\/194\/revisions\/352"}],"wp:attachment":[{"href":"https:\/\/rtechparts.com.br\/index.php?rest_route=%2Fwp%2Fv2%2Fmedia&parent=194"}],"curies":[{"name":"wp","href":"https:\/\/api.w.org\/{rel}","templated":true}]}}